{"id":53,"date":"2024-07-01T15:40:36","date_gmt":"2024-07-01T15:40:36","guid":{"rendered":"https:\/\/support.skill-plan.com\/beeindrucken-sie\/"},"modified":"2024-07-31T09:21:58","modified_gmt":"2024-07-31T09:21:58","slug":"beeindrucken-sie","status":"publish","type":"page","link":"https:\/\/support.skill-plan.com\/de\/beeindrucken-sie\/","title":{"rendered":"Impressum"},"content":{"rendered":"\n<p>Unser Team verf\u00fcgt \u00fcber fundierte Berufserfahrung und gew\u00e4hrleistet einen hochwertigen Know-how-Transfer.  <\/p>\n\n<p>Gemeinsam erzielen wir koh\u00e4rente Ergebnisse.  <\/p>\n\n<p>Lassen Sie uns dar\u00fcber sprechen, wie Sie Ihre Ziele sicher erreichen k\u00f6nnen.<\/p>\n\n<hr class=\"wp-block-separator has-alpha-channel-opacity\"\/>\n\n<p><strong>Kontaktadresse<\/strong><br\/><strong>Skillplan GmbH<\/strong><br\/>Kleinmatt 5<br\/>6402 Merlischachen<br\/>Schweiz<br\/><a href=\"mailto:info@skill-plan.com\">info@skill-plan.com<\/a><br\/>+41418282460<\/p>\n\n<p>Vertretungsberechtigte<br\/>Michael Frank, Gesch\u00e4ftsf\u00fchrer<\/p>\n\n<p><strong>Handelsregistereintrag<\/strong><br\/>Eingetragener Firmenname: SkillplanGmbH<br\/>Handelsregisternummer: CH-020.4.047.194-5<\/p>\n\n<p><strong>MwSt.-Nummer<\/strong><br\/>CHE-488.628.777 MWST<\/p>\n","protected":false},"excerpt":{"rendered":"<p>Unser Team verf\u00fcgt \u00fcber fundierte Berufserfahrung und gew\u00e4hrleistet einen hochwertigen Know-how-Transfer. Gemeinsam erzielen wir koh\u00e4rente Ergebnisse. Lassen Sie uns dar\u00fcber sprechen, wie Sie Ihre Ziele sicher erreichen k\u00f6nnen. KontaktadresseSkillplan GmbHKleinmatt 56402 MerlischachenSchweizinfo@skill-plan.com+41418282460 VertretungsberechtigteMichael Frank, Gesch\u00e4ftsf\u00fchrer HandelsregistereintragEingetragener Firmenname: SkillplanGmbHHandelsregisternummer: CH-020.4.047.194-5 MwSt.-NummerCHE-488.628.777 MWST<\/p>\n","protected":false},"author":1,"featured_media":0,"parent":0,"menu_order":0,"comment_status":"closed","ping_status":"closed","template":"","meta":{"footnotes":""},"class_list":["post-53","page","type-page","status-publish","hentry"],"_links":{"self":[{"href":"https:\/\/support.skill-plan.com\/de\/wp-json\/wp\/v2\/pages\/53","targetHints":{"allow":["GET"]}}],"collection":[{"href":"https:\/\/support.skill-plan.com\/de\/wp-json\/wp\/v2\/pages"}],"about":[{"href":"https:\/\/support.skill-plan.com\/de\/wp-json\/wp\/v2\/types\/page"}],"author":[{"embeddable":true,"href":"https:\/\/support.skill-plan.com\/de\/wp-json\/wp\/v2\/users\/1"}],"replies":[{"embeddable":true,"href":"https:\/\/support.skill-plan.com\/de\/wp-json\/wp\/v2\/comments?post=53"}],"version-history":[{"count":3,"href":"https:\/\/support.skill-plan.com\/de\/wp-json\/wp\/v2\/pages\/53\/revisions"}],"predecessor-version":[{"id":58,"href":"https:\/\/support.skill-plan.com\/de\/wp-json\/wp\/v2\/pages\/53\/revisions\/58"}],"wp:attachment":[{"href":"https:\/\/support.skill-plan.com\/de\/wp-json\/wp\/v2\/media?parent=53"}],"curies":[{"name":"wp","href":"https:\/\/api.w.org\/{rel}","templated":true}]}}